{"id":1170,"date":"2015-03-16T08:42:10","date_gmt":"2015-03-16T08:42:10","guid":{"rendered":"http:\/\/www.donati-maisonneuve.info\/?page_id=1170"},"modified":"2021-12-04T23:28:37","modified_gmt":"2021-12-05T04:28:37","slug":"realisations","status":"publish","type":"page","link":"https:\/\/www.donatimaisonneuve.ca\/en\/realisations\/","title":{"rendered":"C\u00f4t\u00e9 Jardin"},"content":{"rendered":"<div class=\"wpb-content-wrapper\"><p>[vc_row][vc_column width=&#8221;1\/4&#8243;][vc_single_image image=&#8221;3135&#8243;][\/vc_column][vc_column width=&#8221;3\/4&#8243;]<h3 style=\"\">New prestigious address for Donati Maisonneuve<\/h3>[vc_column_text]MONTREAL, December 3, 2021 &#8211; Donati Maisonneuve, a litigation firm specializing in the insurance, financial services, construction, and real estate industries, is pleased to announce that its office is now located in a new, modern facility that will help better serve its clients, while providing its lawyers and support staff with an optimal working environment.<\/p>\n<p>During the pandemic, the nature of work and the integration of new technologies have changed our professional environment significantly, impacting the way lawyers and staff work. The new workspaces were chosen and designed to foster engagement and collaboration, but also to accommodate the changing nature of the legal practice, where the virtual mode now seems to be ingrained.<\/p>\n<p>&#8220;We are very pleased with our new offices, which offer us a modern, dynamic and collaborative work environment that reflects our brand and our people. After more than twenty years on President Kennedy Street, it is great to be in the heart of Montreal&#8217;s bustling and strategic business hub. The new office is a demonstration of our commitment to continue providing high-quality services to our clients while taking into account the transformation of the business world and the personal growth of our people. We are confident that this new environment will enhance our ability to attract and retain our talent and positively impact their contributions to the firm,&#8221; said Nathalie B\u00e9dard, co-managing partner.<\/p>\n<p>The new office space is located at 2000 McGill College Avenue and offers an exceptional panoramic view of Mount Royal and downtown Montreal. Bright and flexible, these new offices are a testament to Donati Maisonneuve&#8217;s commitment to modernity and the well-being of its talent and clients.<\/p>\n<p><strong>About Donati Maisonneuve<\/strong><\/p>\n<p>Founded in 1999, Donati Maisonneuve is a leader in various areas of law, in particular, insurance law, construction law, real estate law, civil and professional liability, disciplinary law, commercial litigation and privacy matters.[\/vc_column_text][\/vc_column][\/vc_row][vc_row][vc_column width=&#8221;1\/4&#8243;][vc_single_image image=&#8221;3131&#8243;][\/vc_column][vc_column width=&#8221;3\/4&#8243;]<h3 style=\"\">Music Lover Circle of the Orchestre Symphonique de Montr\u00e9al (OSM)<\/h3>[vc_column_text]MONTREAL, December 2, 2021 &#8211; <span class=\"VIiyi\" lang=\"en\"><span class=\"JLqJ4b ChMk0b\" data-language-for-alternatives=\"en\" data-language-to-translate-into=\"fr\" data-phrase-index=\"0\" data-number-of-phrases=\"3\">As co-president and co-founder of the Executive Committee of the Music Lovers Circle of the Orchestre Symphonique de Montr\u00e9al (OSM), Cynthia Brunet welcomed the participants of its launch party on December 2, 2021.<\/span> <span class=\"JLqJ4b ChMk0b\" data-language-for-alternatives=\"en\" data-language-to-translate-into=\"fr\" data-phrase-index=\"1\" data-number-of-phrases=\"3\">On the program, a concert, an exclusive talk with conductor Gemma New and organist Alcee Chriss III.<\/span> <span class=\"JLqJ4b ChMk0b\" data-language-for-alternatives=\"en\" data-language-to-translate-into=\"fr\" data-phrase-index=\"2\" data-number-of-phrases=\"3\">A very successful evening!<\/span><\/span>[\/vc_column_text][\/vc_column][\/vc_row][vc_row][vc_column width=&#8221;1\/4&#8243;][vc_single_image image=&#8221;3139&#8243;][\/vc_column][vc_column width=&#8221;3\/4&#8243;]<h3 style=\"\">First participation of the firm to the Journ\u00e9e Carri\u00e8re Interfacultaire<\/h3>[vc_column_text]MONTREAL, November 12, 2021 &#8211; Pascale Caron, Patricia Proulx, Cynthia Brunet, Marie Leli\u00e8vre, Alice Boivinet, Vincent Messier, Kim Tourigny and Fr\u00e9d\u00e9rick Allain-Boisvert were delighted to address students in the context of the Journ\u00e9e Carri\u00e8re Interfacultaire 2022.<\/p>\n<p>For the occasion, we had created a modern virtual format composed of several small rhythmic segments which allowed our professionals to present the firm, our lawyers, our culture, but also to involve the students in some interactive activities and to give them a few advice.<\/p>\n<p>We also wishes to thank the Organizing Committee for a smooth operation and a great opportunity for our team and students involved.<\/p>\n<p><span class=\"VIiyi\" lang=\"en\"><span class=\"JLqJ4b ChMk0b\" data-language-for-alternatives=\"en\" data-language-to-translate-into=\"fr\" data-phrase-index=\"2\" data-number-of-phrases=\"3\">\u00a0<\/span><\/span>[\/vc_column_text][\/vc_column][\/vc_row][vc_row][vc_column width=&#8221;1\/4&#8243;][vc_single_image image=&#8221;2183&#8243;][vc_single_image image=&#8221;2954&#8243;][\/vc_column][vc_column width=&#8221;3\/4&#8243;]<h3 style=\"\">Conferences for insurance professionals<\/h3>[vc_column_text]MONTREAL, October 30, 2021 &#8211; Sonia Paradis and Alice Boivinet will be giving a series of lectures in the Fall on the theme of civil and professional liability of the insurance professionals.<\/p>\n<p><span class=\"VIiyi\" lang=\"en\"><span class=\"JLqJ4b ChMk0b\" data-language-for-alternatives=\"en\" data-language-to-translate-into=\"fr\" data-phrase-index=\"0\" data-number-of-phrases=\"2\">The first conference for agents and brokers, both of the Chambre de l&#8217;assurance de dommages (ChAD) or the Chambre de la s\u00e9curit\u00e9 financi\u00e8re (CSF), as well as claims adjusters, illustrates their obligations in a concrete way, presents the main reproaches <\/span><span class=\"JLqJ4b ChMk0b\" data-language-for-alternatives=\"en\" data-language-to-translate-into=\"fr\" data-phrase-index=\"1\" data-number-of-phrases=\"2\">and formulates recommendations that can be implemented in their daily practice.<\/span><\/span><\/p>\n<p><span class=\"VIiyi\" lang=\"en\"><span class=\"JLqJ4b ChMk0b\" data-language-for-alternatives=\"en\" data-language-to-translate-into=\"fr\" data-phrase-index=\"0\" data-number-of-phrases=\"1\">The second conference enlightens all insurance professionals on the concrete path of a disciplinary file.<\/span><\/span><\/p>\n<p><span class=\"VIiyi\" lang=\"en\"><span class=\"JLqJ4b ChMk0b\" data-language-for-alternatives=\"en\" data-language-to-translate-into=\"fr\" data-phrase-index=\"2\" data-number-of-phrases=\"3\">\u00a0<\/span><\/span>[\/vc_column_text][\/vc_column][\/vc_row]<\/p>\n<\/div>","protected":false},"excerpt":{"rendered":"<p>[vc_row][vc_column width=&#8221;1\/4&#8243;][vc_single_image image=&#8221;3135&#8243;][\/vc_column][vc_column width=&#8221;3\/4&#8243;][vc_column_text]MONTREAL, December 3, 2021 &#8211; Donati Maisonneuve, a litigation firm specializing in the insurance, financial services, construction, and real estate industries, is pleased to announce that its office is now located in a new, modern facility that will help better serve its clients, while providing its lawyers and support staff with an [&hellip;]<\/p>\n","protected":false},"author":4,"featured_media":0,"parent":0,"menu_order":0,"comment_status":"open","ping_status":"closed","template":"","meta":{"footnotes":""},"class_list":["post-1170","page","type-page","status-publish","hentry"],"_links":{"self":[{"href":"https:\/\/www.donatimaisonneuve.ca\/en\/wp-json\/wp\/v2\/pages\/1170","targetHints":{"allow":["GET"]}}],"collection":[{"href":"https:\/\/www.donatimaisonneuve.ca\/en\/wp-json\/wp\/v2\/pages"}],"about":[{"href":"https:\/\/www.donatimaisonneuve.ca\/en\/wp-json\/wp\/v2\/types\/page"}],"author":[{"embeddable":true,"href":"https:\/\/www.donatimaisonneuve.ca\/en\/wp-json\/wp\/v2\/users\/4"}],"replies":[{"embeddable":true,"href":"https:\/\/www.donatimaisonneuve.ca\/en\/wp-json\/wp\/v2\/comments?post=1170"}],"version-history":[{"count":45,"href":"https:\/\/www.donatimaisonneuve.ca\/en\/wp-json\/wp\/v2\/pages\/1170\/revisions"}],"predecessor-version":[{"id":3156,"href":"https:\/\/www.donatimaisonneuve.ca\/en\/wp-json\/wp\/v2\/pages\/1170\/revisions\/3156"}],"wp:attachment":[{"href":"https:\/\/www.donatimaisonneuve.ca\/en\/wp-json\/wp\/v2\/media?parent=1170"}],"curies":[{"name":"wp","href":"https:\/\/api.w.org\/{rel}","templated":true}]}}